{"id":12,"date":"2025-06-30T21:14:37","date_gmt":"2025-06-30T21:14:37","guid":{"rendered":"http:\/\/20.61.112.156\/wordpress\/?page_id=12"},"modified":"2025-07-08T06:00:32","modified_gmt":"2025-07-08T06:00:32","slug":"over-ons","status":"publish","type":"page","link":"https:\/\/limpax.nl\/index.php\/over-ons\/","title":{"rendered":"Over ons"},"content":{"rendered":"\t\t<div data-elementor-type=\"wp-page\" data-elementor-id=\"12\" class=\"elementor elementor-12\" data-elementor-post-type=\"page\">\n\t\t\t\t<div class=\"elementor-element elementor-element-fde5f3e e-flex e-con-boxed e-con e-parent\" data-id=\"fde5f3e\" data-element_type=\"container\">\n\t\t\t\t\t<div class=\"e-con-inner\">\n\t\t<div class=\"elementor-element elementor-element-3177660 e-con-full e-flex e-con e-child\" data-id=\"3177660\" data-element_type=\"container\" data-settings=\"{&quot;background_background&quot;:&quot;classic&quot;}\">\n\t\t\t\t<div class=\"elementor-element elementor-element-c0fade1 elementor-widget elementor-widget-heading\" data-id=\"c0fade1\" data-element_type=\"widget\" data-widget_type=\"heading.default\">\n\t\t\t\t<div class=\"elementor-widget-container\">\n\t\t\t\t\t<h2 class=\"elementor-heading-title elementor-size-default\">Waarom kiezen voor Limpax<\/h2>\t\t\t\t<\/div>\n\t\t\t\t<\/div>\n\t\t\t\t<div class=\"elementor-element elementor-element-4ef7124 elementor-widget elementor-widget-heading\" data-id=\"4ef7124\" data-element_type=\"widget\" data-widget_type=\"heading.default\">\n\t\t\t\t<div class=\"elementor-widget-container\">\n\t\t\t\t\t<h4 class=\"elementor-heading-title elementor-size-default\">Meer dan schoonmaak alleen \u2014 wij investeren in mensen \u00e9n relaties.<\/h4>\t\t\t\t<\/div>\n\t\t\t\t<\/div>\n\t\t\t\t<\/div>\n\t\t\t\t\t<\/div>\n\t\t\t\t<\/div>\n\t\t<div class=\"elementor-element elementor-element-a1705bb e-flex e-con-boxed e-con e-parent\" data-id=\"a1705bb\" data-element_type=\"container\">\n\t\t\t\t\t<div class=\"e-con-inner\">\n\t\t<div class=\"elementor-element elementor-element-03aecd6 e-con-full e-flex e-con e-child\" data-id=\"03aecd6\" data-element_type=\"container\">\n\t\t\t\t<div class=\"elementor-element elementor-element-e8799ec elementor-widget elementor-widget-heading\" data-id=\"e8799ec\" data-element_type=\"widget\" data-widget_type=\"heading.default\">\n\t\t\t\t<div class=\"elementor-widget-container\">\n\t\t\t\t\t<h2 class=\"elementor-heading-title elementor-size-default\"> Over Limpax<\/h2>\t\t\t\t<\/div>\n\t\t\t\t<\/div>\n\t\t\t\t<div class=\"elementor-element elementor-element-3d962fa elementor-widget elementor-widget-text-editor\" data-id=\"3d962fa\" data-element_type=\"widget\" data-widget_type=\"text-editor.default\">\n\t\t\t\t<div class=\"elementor-widget-container\">\n\t\t\t\t\t\t\t\t\t<p data-start=\"227\" data-end=\"445\">Limpax is opgericht met \u00e9\u00e9n duidelijke missie: bijdragen aan een eerlijke en toekomstgerichte arbeidsmarkt. Wij combineren vakkennis met een sterk netwerk en spreken de taal van onze mensen \u2013 letterlijk en figuurlijk.<\/p><p data-start=\"447\" data-end=\"716\">Onze kracht ligt in onze betrokkenheid. Wij bieden niet alleen werk, maar denken ook mee over de randvoorwaarden die mensen nodig hebben om echt tot hun recht te komen. Denk aan duidelijke communicatie, begeleiding bij praktische zaken, en oog voor persoonlijke groei.<\/p><p data-start=\"718\" data-end=\"932\">Of het nu gaat om vaste krachten of flexibele ondersteuning: Limpax staat voor betrouwbaarheid, meertaligheid en mensgerichtheid. Wij geloven dat goed werk begint met goede mensen \u2013 en dat die mensen er mogen zijn.<\/p>\t\t\t\t\t\t\t\t<\/div>\n\t\t\t\t<\/div>\n\t\t\t\t<\/div>\n\t\t<div class=\"elementor-element elementor-element-a002246 e-con-full e-flex e-con e-child\" data-id=\"a002246\" data-element_type=\"container\">\n\t\t\t\t<div class=\"elementor-element elementor-element-027f42d elementor-widget elementor-widget-image\" data-id=\"027f42d\" data-element_type=\"widget\" data-widget_type=\"image.default\">\n\t\t\t\t<div class=\"elementor-widget-container\">\n\t\t\t\t\t\t\t\t\t\t\t\t\t\t\t<img fetchpriority=\"high\" decoding=\"async\" width=\"800\" height=\"534\" src=\"https:\/\/limpax.nl\/wp-content\/uploads\/2025\/07\/ChatGPT-Image-Jul-7-2025-08_05_32-PM-1024x683.png\" class=\"attachment-large size-large wp-image-169\" alt=\"\" srcset=\"https:\/\/limpax.nl\/wp-content\/uploads\/2025\/07\/ChatGPT-Image-Jul-7-2025-08_05_32-PM-1024x683.png 1024w, https:\/\/limpax.nl\/wp-content\/uploads\/2025\/07\/ChatGPT-Image-Jul-7-2025-08_05_32-PM-300x200.png 300w, https:\/\/limpax.nl\/wp-content\/uploads\/2025\/07\/ChatGPT-Image-Jul-7-2025-08_05_32-PM-768x512.png 768w, https:\/\/limpax.nl\/wp-content\/uploads\/2025\/07\/ChatGPT-Image-Jul-7-2025-08_05_32-PM.png 1536w\" sizes=\"(max-width: 800px) 100vw, 800px\" \/>\t\t\t\t\t\t\t\t\t\t\t\t\t\t\t<\/div>\n\t\t\t\t<\/div>\n\t\t\t\t<\/div>\n\t\t\t\t\t<\/div>\n\t\t\t\t<\/div>\n\t\t<div class=\"elementor-element elementor-element-784d430 e-flex e-con-boxed e-con e-parent\" data-id=\"784d430\" data-element_type=\"container\">\n\t\t\t\t\t<div class=\"e-con-inner\">\n\t\t<div class=\"elementor-element elementor-element-1764ca4 e-con-full e-flex e-con e-child\" data-id=\"1764ca4\" data-element_type=\"container\" data-settings=\"{&quot;background_background&quot;:&quot;classic&quot;}\">\n\t\t\t\t<div class=\"elementor-element elementor-element-1013d24 elementor-widget elementor-widget-heading\" data-id=\"1013d24\" data-element_type=\"widget\" data-widget_type=\"heading.default\">\n\t\t\t\t<div class=\"elementor-widget-container\">\n\t\t\t\t\t<h2 class=\"elementor-heading-title elementor-size-default\">Missie &amp; Visie<\/h2>\t\t\t\t<\/div>\n\t\t\t\t<\/div>\n\t\t\t\t<\/div>\n\t\t\t\t\t<\/div>\n\t\t\t\t<\/div>\n\t\t<div class=\"elementor-element elementor-element-04fe0eb e-flex e-con-boxed e-con e-parent\" data-id=\"04fe0eb\" data-element_type=\"container\">\n\t\t\t\t\t<div class=\"e-con-inner\">\n\t\t<div class=\"elementor-element elementor-element-4428d58 e-con-full e-flex e-con e-child\" data-id=\"4428d58\" data-element_type=\"container\">\n\t\t\t\t<div class=\"elementor-element elementor-element-2fc9ca5 elementor-widget elementor-widget-image\" data-id=\"2fc9ca5\" data-element_type=\"widget\" data-widget_type=\"image.default\">\n\t\t\t\t<div class=\"elementor-widget-container\">\n\t\t\t\t\t\t\t\t\t\t\t\t\t\t\t<img decoding=\"async\" width=\"150\" height=\"150\" src=\"https:\/\/limpax.nl\/wp-content\/uploads\/2025\/07\/ChatGPT-Image-Jul-7-2025-08_40_03-PM-150x150.png\" class=\"attachment-thumbnail size-thumbnail wp-image-182\" alt=\"\" srcset=\"https:\/\/limpax.nl\/wp-content\/uploads\/2025\/07\/ChatGPT-Image-Jul-7-2025-08_40_03-PM-150x150.png 150w, https:\/\/limpax.nl\/wp-content\/uploads\/2025\/07\/ChatGPT-Image-Jul-7-2025-08_40_03-PM-300x300.png 300w, https:\/\/limpax.nl\/wp-content\/uploads\/2025\/07\/ChatGPT-Image-Jul-7-2025-08_40_03-PM-768x768.png 768w, https:\/\/limpax.nl\/wp-content\/uploads\/2025\/07\/ChatGPT-Image-Jul-7-2025-08_40_03-PM.png 1024w\" sizes=\"(max-width: 150px) 100vw, 150px\" \/>\t\t\t\t\t\t\t\t\t\t\t\t\t\t\t<\/div>\n\t\t\t\t<\/div>\n\t\t\t\t<div class=\"elementor-element elementor-element-96f2a71 elementor-widget elementor-widget-image\" data-id=\"96f2a71\" data-element_type=\"widget\" data-widget_type=\"image.default\">\n\t\t\t\t<div class=\"elementor-widget-container\">\n\t\t\t\t\t\t\t\t\t\t\t\t\t\t\t<img decoding=\"async\" width=\"150\" height=\"150\" src=\"https:\/\/limpax.nl\/wp-content\/uploads\/2025\/07\/ChatGPT-Image-Jul-7-2025-09_14_32-PM-150x150.png\" class=\"attachment-thumbnail size-thumbnail wp-image-189\" alt=\"\" srcset=\"https:\/\/limpax.nl\/wp-content\/uploads\/2025\/07\/ChatGPT-Image-Jul-7-2025-09_14_32-PM-150x150.png 150w, https:\/\/limpax.nl\/wp-content\/uploads\/2025\/07\/ChatGPT-Image-Jul-7-2025-09_14_32-PM-300x300.png 300w, https:\/\/limpax.nl\/wp-content\/uploads\/2025\/07\/ChatGPT-Image-Jul-7-2025-09_14_32-PM-768x768.png 768w, https:\/\/limpax.nl\/wp-content\/uploads\/2025\/07\/ChatGPT-Image-Jul-7-2025-09_14_32-PM.png 1024w\" sizes=\"(max-width: 150px) 100vw, 150px\" \/>\t\t\t\t\t\t\t\t\t\t\t\t\t\t\t<\/div>\n\t\t\t\t<\/div>\n\t\t\t\t<\/div>\n\t\t<div class=\"elementor-element elementor-element-16c7cde e-con-full e-flex e-con e-child\" data-id=\"16c7cde\" data-element_type=\"container\">\n\t\t\t\t<div class=\"elementor-element elementor-element-2d7c3ab elementor-widget elementor-widget-heading\" data-id=\"2d7c3ab\" data-element_type=\"widget\" data-widget_type=\"heading.default\">\n\t\t\t\t<div class=\"elementor-widget-container\">\n\t\t\t\t\t<h4 class=\"elementor-heading-title elementor-size-default\">Onze Missie<\/h4>\t\t\t\t<\/div>\n\t\t\t\t<\/div>\n\t\t\t\t<div class=\"elementor-element elementor-element-fdf82ed elementor-widget elementor-widget-text-editor\" data-id=\"fdf82ed\" data-element_type=\"widget\" data-widget_type=\"text-editor.default\">\n\t\t\t\t<div class=\"elementor-widget-container\">\n\t\t\t\t\t\t\t\t\t<p>Bij Limpax streven we naar een werkomgeving waarin iedereen meetelt. We geloven in eerlijk werk, persoonlijke begeleiding en duurzame relaties \u2014 met onze klanten \u00e9n ons team.<br \/>Onze kracht zit in de combinatie van mensenkennis, betrouwbaarheid en meertaligheid. Door helder te communiceren en barri\u00e8res weg te nemen, bouwen we aan een bedrijf waar iedereen zich gehoord voelt.<\/p>\t\t\t\t\t\t\t\t<\/div>\n\t\t\t\t<\/div>\n\t\t\t\t<div class=\"elementor-element elementor-element-b7d5df1 elementor-widget elementor-widget-heading\" data-id=\"b7d5df1\" data-element_type=\"widget\" data-widget_type=\"heading.default\">\n\t\t\t\t<div class=\"elementor-widget-container\">\n\t\t\t\t\t<h4 class=\"elementor-heading-title elementor-size-default\">Onze Visie<\/h4>\t\t\t\t<\/div>\n\t\t\t\t<\/div>\n\t\t\t\t<div class=\"elementor-element elementor-element-a2190dd elementor-widget elementor-widget-text-editor\" data-id=\"a2190dd\" data-element_type=\"widget\" data-widget_type=\"text-editor.default\">\n\t\t\t\t<div class=\"elementor-widget-container\">\n\t\t\t\t\t\t\t\t\t<p>Wij willen niet het grootste, maar het meest betrouwbare schoonmaakbedrijf zijn \u2014 waar kwaliteit, respect en samenwerking centraal staan.<br \/>We zien onze rol breder dan alleen werkbemiddeling. Daarom denken we mee met onze mensen, zeker als zij de Nederlandse taal nog niet volledig beheersen of hulp nodig hebben bij praktische zaken.<br \/>Zo zorgen we voor een stabiele basis, waarin werknemers kunnen groeien en klanten kunnen rekenen op continu\u00efteit<\/p>\t\t\t\t\t\t\t\t<\/div>\n\t\t\t\t<\/div>\n\t\t\t\t<\/div>\n\t\t\t\t\t<\/div>\n\t\t\t\t<\/div>\n\t\t<div class=\"elementor-element elementor-element-a62e431 e-flex e-con-boxed e-con e-parent\" data-id=\"a62e431\" data-element_type=\"container\">\n\t\t\t\t\t<div class=\"e-con-inner\">\n\t\t\t\t\t<\/div>\n\t\t\t\t<\/div>\n\t\t<div class=\"elementor-element elementor-element-5636160 e-flex e-con-boxed e-con e-parent\" data-id=\"5636160\" data-element_type=\"container\">\n\t\t\t\t\t<div class=\"e-con-inner\">\n\t\t\t\t\t<\/div>\n\t\t\t\t<\/div>\n\t\t\t\t<\/div>\n\t\t","protected":false},"excerpt":{"rendered":"<p>Waarom kiezen voor Limpax Meer dan schoonmaak alleen \u2014 wij investeren in mensen \u00e9n relaties. Over Limpax Limpax is opgericht met \u00e9\u00e9n duidelijke missie: bijdragen aan een eerlijke en toekomstgerichte arbeidsmarkt. Wij combineren vakkennis met een sterk netwerk en spreken de taal van onze mensen \u2013 letterlijk en figuurlijk. Onze kracht ligt in onze betrokkenheid. [&hellip;]<\/p>\n","protected":false},"author":1,"featured_media":0,"parent":0,"menu_order":0,"comment_status":"closed","ping_status":"closed","template":"","meta":{"footnotes":""},"class_list":["post-12","page","type-page","status-publish","hentry"],"_links":{"self":[{"href":"https:\/\/limpax.nl\/index.php\/wp-json\/wp\/v2\/pages\/12","targetHints":{"allow":["GET"]}}],"collection":[{"href":"https:\/\/limpax.nl\/index.php\/wp-json\/wp\/v2\/pages"}],"about":[{"href":"https:\/\/limpax.nl\/index.php\/wp-json\/wp\/v2\/types\/page"}],"author":[{"embeddable":true,"href":"https:\/\/limpax.nl\/index.php\/wp-json\/wp\/v2\/users\/1"}],"replies":[{"embeddable":true,"href":"https:\/\/limpax.nl\/index.php\/wp-json\/wp\/v2\/comments?post=12"}],"version-history":[{"count":46,"href":"https:\/\/limpax.nl\/index.php\/wp-json\/wp\/v2\/pages\/12\/revisions"}],"predecessor-version":[{"id":301,"href":"https:\/\/limpax.nl\/index.php\/wp-json\/wp\/v2\/pages\/12\/revisions\/301"}],"wp:attachment":[{"href":"https:\/\/limpax.nl\/index.php\/wp-json\/wp\/v2\/media?parent=12"}],"curies":[{"name":"wp","href":"https:\/\/api.w.org\/{rel}","templated":true}]}}